{"id":165,"date":"2019-03-18T21:32:49","date_gmt":"2019-03-18T20:32:49","guid":{"rendered":"http:\/\/www.champ1.fr\/?page_id=165"},"modified":"2019-11-04T22:52:21","modified_gmt":"2019-11-04T21:52:21","slug":"therapies","status":"publish","type":"page","link":"https:\/\/www.champ1.fr\/index.php\/therapies\/","title":{"rendered":"Th\u00e9rapies"},"content":{"rendered":"\t\t<div data-elementor-type=\"wp-post\" data-elementor-id=\"165\" class=\"elementor elementor-165\">\n\t\t\t\t\t\t<section class=\"elementor-section elementor-top-section elementor-element elementor-element-6955704e elementor-section-boxed elementor-section-height-default elementor-section-height-default\" data-id=\"6955704e\" data-element_type=\"section\">\n\t\t\t\t\t\t<div class=\"elementor-container elementor-column-gap-default\">\n\t\t\t\t\t<div class=\"elementor-column elementor-col-100 elementor-top-column elementor-element elementor-element-67961c5c\" data-id=\"67961c5c\" data-element_type=\"column\">\n\t\t\t<div class=\"elementor-widget-wrap elementor-element-populated\">\n\t\t\t\t\t\t<div class=\"elementor-element elementor-element-e164a47 elementor-widget elementor-widget-text-editor\" data-id=\"e164a47\" data-element_type=\"widget\" data-widget_type=\"text-editor.default\">\n\t\t\t\t<div class=\"elementor-widget-container\">\n\t\t\t\t\t\t\t\t\t<p><\/p>\n<h3>Prise en charge<\/h3>\n<p>Il n\u2019existe, \u00e0 ce jour, pas de traitement curatif.Le traitement symptomatique repose sur:<\/p>\n<p><\/p>\n<p><\/p>\n<h4>1- <strong>Une prise en charge pr\u00e9coce du retard psychomoteur <br \/><\/strong><\/h4>\n<ul>\n<li>Psychomotricit\u00e9,<\/li>\n<li>Kin\u00e9sith\u00e9rapie,<\/li>\n<li>Orthophonie,<\/li>\n<li>Orthoptie,<\/li>\n<li>Ergoth\u00e9rapie et autres prises en charges sp\u00e9cifiques.<\/li>\n<\/ul>\n<p><\/p>\n<p><\/p>\n<p>Ces soins peuvent ne pas \u00eatre rembours\u00e9s par la s\u00e9curit\u00e9 sociale, il est donc important d\u2019envoyer au plus t\u00f4t un dossier avec certificat m\u00e9dical \u00e0 la MDPH de votre d\u00e9partement pour expliquer les difficult\u00e9s de la personne affect\u00e9e par la mutation du g\u00e8ne CHAMP1.<\/p>\n<p><\/p>\n<p><\/p>\n<h4><strong>2- Un diagnostic et un traitement m\u00e9dicamenteux, lorsqu\u2019il existe, des diff\u00e9rentes affections<\/strong> <strong>possiblement associ\u00e9es<\/strong>\u00a0:<\/h4>\n<ul>\n<li>Digestives (reflux gastrique, constipation\u2026),<\/li>\n<li>Neurologiques (\u00e9pilepsie,\u2026),<\/li>\n<li>Ophtalmologiques (strabisme, troubles de la vision,\u2026)<\/li>\n<li>Endocriniens (hypothyroidie, diab\u00e8te,\u2026)<\/li>\n<li>H\u00e9matologiques (an\u00e9mie,\u2026)<\/li>\n<\/ul>\n<p>la liste n\u2019est pas exhaustive et d\u2019autres manifestations sont port\u00e9es \u00e0 notre connaissance \u00e0 mesure que le nombre de cas diagnostiqu\u00e9s augmente.<\/p>\n<p><\/p>\n<p><\/p>\n<p><\/p>\t\t\t\t\t\t\t\t<\/div>\n\t\t\t\t<\/div>\n\t\t\t\t\t<\/div>\n\t\t<\/div>\n\t\t\t\t\t<\/div>\n\t\t<\/section>\n\t\t\t\t<\/div>\n\t\t","protected":false},"excerpt":{"rendered":"<div class=\"entry-summary\">\n<div class=\"entry-summary\">\nPrise en charge Il n\u2019existe, \u00e0 ce jour, pas de traitement curatif.Le traitement symptomatique repose sur: 1- Une prise en charge pr\u00e9coce du retard psychomoteur Psychomotricit\u00e9, Kin\u00e9sith\u00e9rapie, Orthophonie, Orthoptie, Ergoth\u00e9rapie et autres prises en charges sp\u00e9cifiques. Ces soins peuvent ne&hellip;\n<\/div>\n<div class=\"link-more\"><a href=\"https:\/\/www.champ1.fr\/index.php\/therapies\/\" class=\"more-link\">Continue reading<span class=\"screen-reader-text\"> &ldquo;Th\u00e9rapies&rdquo;<\/span>&hellip;<\/a><\/div>\n<\/div>\n<div class=\"link-more\"><a href=\"https:\/\/www.champ1.fr\/index.php\/therapies\/\" class=\"more-link\">Continue reading<span class=\"screen-reader-text\"> &ldquo;Th\u00e9rapies&rdquo;<\/span>&hellip;<\/a><\/div>\n","protected":false},"author":1,"featured_media":0,"parent":0,"menu_order":0,"comment_status":"closed","ping_status":"closed","template":"","meta":{"_acf_changed":false,"footnotes":""},"class_list":["post-165","page","type-page","status-publish","hentry","entry"],"acf":[],"yoast_head":"<!-- This site is optimized with the Yoast SEO plugin v24.2 - https:\/\/yoast.com\/wordpress\/plugins\/seo\/ -->\n<title>Th\u00e9rapies &#183;<\/title>\n<meta name=\"robots\" content=\"index, follow, max-snippet:-1, max-image-preview:large, max-video-preview:-1\" \/>\n<link rel=\"canonical\" href=\"https:\/\/www.champ1.fr\/index.php\/therapies\/\" \/>\n<meta property=\"og:locale\" content=\"fr_FR\" \/>\n<meta property=\"og:type\" content=\"article\" \/>\n<meta property=\"og:title\" content=\"Th\u00e9rapies &#183;\" \/>\n<meta property=\"og:description\" content=\"Prise en charge Il n\u2019existe, \u00e0 ce jour, pas de traitement curatif.Le traitement symptomatique repose sur: 1- Une prise en charge pr\u00e9coce du retard psychomoteur Psychomotricit\u00e9, Kin\u00e9sith\u00e9rapie, Orthophonie, Orthoptie, Ergoth\u00e9rapie et autres prises en charges sp\u00e9cifiques. Ces soins peuvent ne&hellip; Continue reading &ldquo;Th\u00e9rapies&rdquo;&hellip;\" \/>\n<meta property=\"og:url\" content=\"https:\/\/www.champ1.fr\/index.php\/therapies\/\" \/>\n<meta property=\"article:publisher\" content=\"https:\/\/www.facebook.com\/profile.php?id=100071183214530\" \/>\n<meta property=\"article:modified_time\" content=\"2019-11-04T21:52:21+00:00\" \/>\n<meta name=\"twitter:card\" content=\"summary_large_image\" \/>\n<meta name=\"twitter:label1\" content=\"Dur\u00e9e de lecture estim\u00e9e\" \/>\n\t<meta name=\"twitter:data1\" content=\"1 minute\" \/>\n<script type=\"application\/ld+json\" class=\"yoast-schema-graph\">{\"@context\":\"https:\/\/schema.org\",\"@graph\":[{\"@type\":\"WebPage\",\"@id\":\"https:\/\/www.champ1.fr\/index.php\/therapies\/\",\"url\":\"https:\/\/www.champ1.fr\/index.php\/therapies\/\",\"name\":\"Th\u00e9rapies &#183;\",\"isPartOf\":{\"@id\":\"https:\/\/www.champ1.fr\/#website\"},\"datePublished\":\"2019-03-18T20:32:49+00:00\",\"dateModified\":\"2019-11-04T21:52:21+00:00\",\"breadcrumb\":{\"@id\":\"https:\/\/www.champ1.fr\/index.php\/therapies\/#breadcrumb\"},\"inLanguage\":\"fr-FR\",\"potentialAction\":[{\"@type\":\"ReadAction\",\"target\":[\"https:\/\/www.champ1.fr\/index.php\/therapies\/\"]}]},{\"@type\":\"BreadcrumbList\",\"@id\":\"https:\/\/www.champ1.fr\/index.php\/therapies\/#breadcrumb\",\"itemListElement\":[{\"@type\":\"ListItem\",\"position\":1,\"name\":\"Accueil\",\"item\":\"https:\/\/www.champ1.fr\/\"},{\"@type\":\"ListItem\",\"position\":2,\"name\":\"Th\u00e9rapies\"}]},{\"@type\":\"WebSite\",\"@id\":\"https:\/\/www.champ1.fr\/#website\",\"url\":\"https:\/\/www.champ1.fr\/\",\"name\":\"CHAMP1 FRANCE\",\"description\":\"\",\"publisher\":{\"@id\":\"https:\/\/www.champ1.fr\/#organization\"},\"potentialAction\":[{\"@type\":\"SearchAction\",\"target\":{\"@type\":\"EntryPoint\",\"urlTemplate\":\"https:\/\/www.champ1.fr\/?s={search_term_string}\"},\"query-input\":{\"@type\":\"PropertyValueSpecification\",\"valueRequired\":true,\"valueName\":\"search_term_string\"}}],\"inLanguage\":\"fr-FR\"},{\"@type\":\"Organization\",\"@id\":\"https:\/\/www.champ1.fr\/#organization\",\"name\":\"CHAMP1 FRANCE\",\"url\":\"https:\/\/www.champ1.fr\/\",\"logo\":{\"@type\":\"ImageObject\",\"inLanguage\":\"fr-FR\",\"@id\":\"https:\/\/www.champ1.fr\/#\/schema\/logo\/image\/\",\"url\":\"http:\/\/www.champ1.fr\/wp-content\/uploads\/2019\/06\/thumbnail_champ1_logo-1.jpg\",\"contentUrl\":\"http:\/\/www.champ1.fr\/wp-content\/uploads\/2019\/06\/thumbnail_champ1_logo-1.jpg\",\"width\":1684,\"height\":1191,\"caption\":\"CHAMP1 FRANCE\"},\"image\":{\"@id\":\"https:\/\/www.champ1.fr\/#\/schema\/logo\/image\/\"},\"sameAs\":[\"https:\/\/www.facebook.com\/profile.php?id=100071183214530\",\"https:\/\/www.linkedin.com\/company\/champ1-france\/\"]}]}<\/script>\n<!-- \/ Yoast SEO plugin. -->","yoast_head_json":{"title":"Th\u00e9rapies &#183;","robots":{"index":"index","follow":"follow","max-snippet":"max-snippet:-1","max-image-preview":"max-image-preview:large","max-video-preview":"max-video-preview:-1"},"canonical":"https:\/\/www.champ1.fr\/index.php\/therapies\/","og_locale":"fr_FR","og_type":"article","og_title":"Th\u00e9rapies &#183;","og_description":"Prise en charge Il n\u2019existe, \u00e0 ce jour, pas de traitement curatif.Le traitement symptomatique repose sur: 1- Une prise en charge pr\u00e9coce du retard psychomoteur Psychomotricit\u00e9, Kin\u00e9sith\u00e9rapie, Orthophonie, Orthoptie, Ergoth\u00e9rapie et autres prises en charges sp\u00e9cifiques. Ces soins peuvent ne&hellip; Continue reading &ldquo;Th\u00e9rapies&rdquo;&hellip;","og_url":"https:\/\/www.champ1.fr\/index.php\/therapies\/","article_publisher":"https:\/\/www.facebook.com\/profile.php?id=100071183214530","article_modified_time":"2019-11-04T21:52:21+00:00","twitter_card":"summary_large_image","twitter_misc":{"Dur\u00e9e de lecture estim\u00e9e":"1 minute"},"schema":{"@context":"https:\/\/schema.org","@graph":[{"@type":"WebPage","@id":"https:\/\/www.champ1.fr\/index.php\/therapies\/","url":"https:\/\/www.champ1.fr\/index.php\/therapies\/","name":"Th\u00e9rapies &#183;","isPartOf":{"@id":"https:\/\/www.champ1.fr\/#website"},"datePublished":"2019-03-18T20:32:49+00:00","dateModified":"2019-11-04T21:52:21+00:00","breadcrumb":{"@id":"https:\/\/www.champ1.fr\/index.php\/therapies\/#breadcrumb"},"inLanguage":"fr-FR","potentialAction":[{"@type":"ReadAction","target":["https:\/\/www.champ1.fr\/index.php\/therapies\/"]}]},{"@type":"BreadcrumbList","@id":"https:\/\/www.champ1.fr\/index.php\/therapies\/#breadcrumb","itemListElement":[{"@type":"ListItem","position":1,"name":"Accueil","item":"https:\/\/www.champ1.fr\/"},{"@type":"ListItem","position":2,"name":"Th\u00e9rapies"}]},{"@type":"WebSite","@id":"https:\/\/www.champ1.fr\/#website","url":"https:\/\/www.champ1.fr\/","name":"CHAMP1 FRANCE","description":"","publisher":{"@id":"https:\/\/www.champ1.fr\/#organization"},"potentialAction":[{"@type":"SearchAction","target":{"@type":"EntryPoint","urlTemplate":"https:\/\/www.champ1.fr\/?s={search_term_string}"},"query-input":{"@type":"PropertyValueSpecification","valueRequired":true,"valueName":"search_term_string"}}],"inLanguage":"fr-FR"},{"@type":"Organization","@id":"https:\/\/www.champ1.fr\/#organization","name":"CHAMP1 FRANCE","url":"https:\/\/www.champ1.fr\/","logo":{"@type":"ImageObject","inLanguage":"fr-FR","@id":"https:\/\/www.champ1.fr\/#\/schema\/logo\/image\/","url":"http:\/\/www.champ1.fr\/wp-content\/uploads\/2019\/06\/thumbnail_champ1_logo-1.jpg","contentUrl":"http:\/\/www.champ1.fr\/wp-content\/uploads\/2019\/06\/thumbnail_champ1_logo-1.jpg","width":1684,"height":1191,"caption":"CHAMP1 FRANCE"},"image":{"@id":"https:\/\/www.champ1.fr\/#\/schema\/logo\/image\/"},"sameAs":["https:\/\/www.facebook.com\/profile.php?id=100071183214530","https:\/\/www.linkedin.com\/company\/champ1-france\/"]}]}},"_links":{"self":[{"href":"https:\/\/www.champ1.fr\/index.php\/wp-json\/wp\/v2\/pages\/165","targetHints":{"allow":["GET"]}}],"collection":[{"href":"https:\/\/www.champ1.fr\/index.php\/wp-json\/wp\/v2\/pages"}],"about":[{"href":"https:\/\/www.champ1.fr\/index.php\/wp-json\/wp\/v2\/types\/page"}],"author":[{"embeddable":true,"href":"https:\/\/www.champ1.fr\/index.php\/wp-json\/wp\/v2\/users\/1"}],"replies":[{"embeddable":true,"href":"https:\/\/www.champ1.fr\/index.php\/wp-json\/wp\/v2\/comments?post=165"}],"version-history":[{"count":21,"href":"https:\/\/www.champ1.fr\/index.php\/wp-json\/wp\/v2\/pages\/165\/revisions"}],"predecessor-version":[{"id":616,"href":"https:\/\/www.champ1.fr\/index.php\/wp-json\/wp\/v2\/pages\/165\/revisions\/616"}],"wp:attachment":[{"href":"https:\/\/www.champ1.fr\/index.php\/wp-json\/wp\/v2\/media?parent=165"}],"curies":[{"name":"wp","href":"https:\/\/api.w.org\/{rel}","templated":true}]}}