{"id":194,"date":"2019-03-18T23:37:58","date_gmt":"2019-03-18T22:37:58","guid":{"rendered":"http:\/\/www.champ1.fr\/?page_id=194"},"modified":"2026-03-09T22:21:31","modified_gmt":"2026-03-09T21:21:31","slug":"adhesion-2","status":"publish","type":"page","link":"https:\/\/www.champ1.fr\/index.php\/adhesion-2\/","title":{"rendered":"Adh\u00e9sion"},"content":{"rendered":"<h3>Vous souhaitez faire un don ou adh\u00e9rer ?<\/h3>\n<!-- \/wp:post-content --><!-- wp:paragraph -->\n\nC\u2019est gr\u00e2ce \u00e0 vous, \u00e0 votre confiance et \u00e0 vos dons que nous pourrons mener \u00e0 bien nos actions pour qu&rsquo;aujourd\u2019hui les enfants et adultes concern\u00e9s par la modification g\u00e9n\u00e9tique CHAMP1 en France vivent le mieux possible.\n\n<!-- \/wp:paragraph --><!-- wp:paragraph -->\n\nLe financement de l\u2019association repose sur les adh\u00e9sions et les dons. Ils sont indispensables pour soutenir le fonctionnement et les projets de l\u2019association. Si vous souhaitez aider l\u2019association, vous pouvez:\n\n<!-- \/wp:paragraph --><!-- wp:list -->\n<ul>\n \t<li>devenir adh\u00e9rents que vous soyez directement affect\u00e9s par la mutation ou simplement sensible \u00e0 notre d\u00e9marche<\/li>\n \t<li>faire un don<\/li>\n \t<li>nous faire b\u00e9n\u00e9ficier de vos comp\u00e9tences (scientifiques, \u00e9v\u00e9nementielles, graphiques\u2026)<\/li>\n<\/ul>\n<!-- \/wp:list --><!-- wp:heading -->\n<h3>Si vous souhaitez adh\u00e9rer<\/h3>\n<iframe id=\"haWidgetVignette\" style=\"width: 350px; height: 450px; border: none;\" src=\"https:\/\/www.helloasso.com\/associations\/champ1-france\/adhesions\/adhesion-2026\/widget-vignette\"><\/iframe>\n<h3 style=\"width: 100%; text-align: left;\">Si vous souhaitez effectuer un don<\/h3>\nL&rsquo;association CHAMP1 FRANCE est reconnue organisme d&rsquo;int\u00e9r\u00eat g\u00e9n\u00e9ral. La r\u00e9duction d\u2019imp\u00f4t repr\u00e9sente un montant \u00e9gal \u00e0 <strong>66\u00a0% de la somme vers\u00e9e.<\/strong>\n\n<iframe id=\"haWidget\" style=\"width: 100%; height: 750px; border: none;\" src=\"https:\/\/www.helloasso.com\/associations\/champ1-france\/formulaires\/1\/widget\" scrolling=\"auto\"><\/iframe>\n\n<strong>\u00a0<\/strong>\n\n<!-- \/wp:heading -->","protected":false},"excerpt":{"rendered":"<div class=\"entry-summary\">\n<div class=\"entry-summary\">\nVous souhaitez faire un don ou adh\u00e9rer ? C\u2019est gr\u00e2ce \u00e0 vous, \u00e0 votre confiance et \u00e0 vos dons que nous pourrons mener \u00e0 bien nos actions pour qu&rsquo;aujourd\u2019hui les enfants et adultes concern\u00e9s par la modification g\u00e9n\u00e9tique CHAMP1 en&hellip;\n<\/div>\n<div class=\"link-more\"><a href=\"https:\/\/www.champ1.fr\/index.php\/adhesion-2\/\" class=\"more-link\">Continue reading<span class=\"screen-reader-text\"> &ldquo;Adh\u00e9sion&rdquo;<\/span>&hellip;<\/a><\/div>\n<\/div>\n<div class=\"link-more\"><a href=\"https:\/\/www.champ1.fr\/index.php\/adhesion-2\/\" class=\"more-link\">Continue reading<span class=\"screen-reader-text\"> &ldquo;Adh\u00e9sion&rdquo;<\/span>&hellip;<\/a><\/div>\n","protected":false},"author":1,"featured_media":0,"parent":0,"menu_order":0,"comment_status":"closed","ping_status":"closed","template":"","meta":{"_acf_changed":false,"footnotes":""},"class_list":["post-194","page","type-page","status-publish","hentry","entry"],"acf":[],"yoast_head":"<!-- This site is optimized with the Yoast SEO plugin v24.2 - https:\/\/yoast.com\/wordpress\/plugins\/seo\/ -->\n<title>Adh\u00e9sion &#183;<\/title>\n<meta name=\"robots\" content=\"index, follow, max-snippet:-1, max-image-preview:large, max-video-preview:-1\" \/>\n<link rel=\"canonical\" href=\"https:\/\/www.champ1.fr\/index.php\/adhesion-2\/\" \/>\n<meta property=\"og:locale\" content=\"fr_FR\" \/>\n<meta property=\"og:type\" content=\"article\" \/>\n<meta property=\"og:title\" content=\"Adh\u00e9sion &#183;\" \/>\n<meta property=\"og:description\" content=\"Vous souhaitez faire un don ou adh\u00e9rer ? C\u2019est gr\u00e2ce \u00e0 vous, \u00e0 votre confiance et \u00e0 vos dons que nous pourrons mener \u00e0 bien nos actions pour qu&rsquo;aujourd\u2019hui les enfants et adultes concern\u00e9s par la modification g\u00e9n\u00e9tique CHAMP1 en&hellip; Continue reading &ldquo;Adh\u00e9sion&rdquo;&hellip;\" \/>\n<meta property=\"og:url\" content=\"https:\/\/www.champ1.fr\/index.php\/adhesion-2\/\" \/>\n<meta property=\"article:publisher\" content=\"https:\/\/www.facebook.com\/profile.php?id=100071183214530\" \/>\n<meta property=\"article:modified_time\" content=\"2026-03-09T21:21:31+00:00\" \/>\n<meta name=\"twitter:card\" content=\"summary_large_image\" \/>\n<meta name=\"twitter:label1\" content=\"Dur\u00e9e de lecture estim\u00e9e\" \/>\n\t<meta name=\"twitter:data1\" content=\"1 minute\" \/>\n<script type=\"application\/ld+json\" class=\"yoast-schema-graph\">{\"@context\":\"https:\/\/schema.org\",\"@graph\":[{\"@type\":\"WebPage\",\"@id\":\"https:\/\/www.champ1.fr\/index.php\/adhesion-2\/\",\"url\":\"https:\/\/www.champ1.fr\/index.php\/adhesion-2\/\",\"name\":\"Adh\u00e9sion &#183;\",\"isPartOf\":{\"@id\":\"https:\/\/www.champ1.fr\/#website\"},\"datePublished\":\"2019-03-18T22:37:58+00:00\",\"dateModified\":\"2026-03-09T21:21:31+00:00\",\"breadcrumb\":{\"@id\":\"https:\/\/www.champ1.fr\/index.php\/adhesion-2\/#breadcrumb\"},\"inLanguage\":\"fr-FR\",\"potentialAction\":[{\"@type\":\"ReadAction\",\"target\":[\"https:\/\/www.champ1.fr\/index.php\/adhesion-2\/\"]}]},{\"@type\":\"BreadcrumbList\",\"@id\":\"https:\/\/www.champ1.fr\/index.php\/adhesion-2\/#breadcrumb\",\"itemListElement\":[{\"@type\":\"ListItem\",\"position\":1,\"name\":\"Accueil\",\"item\":\"https:\/\/www.champ1.fr\/\"},{\"@type\":\"ListItem\",\"position\":2,\"name\":\"Adh\u00e9sion\"}]},{\"@type\":\"WebSite\",\"@id\":\"https:\/\/www.champ1.fr\/#website\",\"url\":\"https:\/\/www.champ1.fr\/\",\"name\":\"CHAMP1 FRANCE\",\"description\":\"\",\"publisher\":{\"@id\":\"https:\/\/www.champ1.fr\/#organization\"},\"potentialAction\":[{\"@type\":\"SearchAction\",\"target\":{\"@type\":\"EntryPoint\",\"urlTemplate\":\"https:\/\/www.champ1.fr\/?s={search_term_string}\"},\"query-input\":{\"@type\":\"PropertyValueSpecification\",\"valueRequired\":true,\"valueName\":\"search_term_string\"}}],\"inLanguage\":\"fr-FR\"},{\"@type\":\"Organization\",\"@id\":\"https:\/\/www.champ1.fr\/#organization\",\"name\":\"CHAMP1 FRANCE\",\"url\":\"https:\/\/www.champ1.fr\/\",\"logo\":{\"@type\":\"ImageObject\",\"inLanguage\":\"fr-FR\",\"@id\":\"https:\/\/www.champ1.fr\/#\/schema\/logo\/image\/\",\"url\":\"http:\/\/www.champ1.fr\/wp-content\/uploads\/2019\/06\/thumbnail_champ1_logo-1.jpg\",\"contentUrl\":\"http:\/\/www.champ1.fr\/wp-content\/uploads\/2019\/06\/thumbnail_champ1_logo-1.jpg\",\"width\":1684,\"height\":1191,\"caption\":\"CHAMP1 FRANCE\"},\"image\":{\"@id\":\"https:\/\/www.champ1.fr\/#\/schema\/logo\/image\/\"},\"sameAs\":[\"https:\/\/www.facebook.com\/profile.php?id=100071183214530\",\"https:\/\/www.linkedin.com\/company\/champ1-france\/\"]}]}<\/script>\n<!-- \/ Yoast SEO plugin. -->","yoast_head_json":{"title":"Adh\u00e9sion &#183;","robots":{"index":"index","follow":"follow","max-snippet":"max-snippet:-1","max-image-preview":"max-image-preview:large","max-video-preview":"max-video-preview:-1"},"canonical":"https:\/\/www.champ1.fr\/index.php\/adhesion-2\/","og_locale":"fr_FR","og_type":"article","og_title":"Adh\u00e9sion &#183;","og_description":"Vous souhaitez faire un don ou adh\u00e9rer ? C\u2019est gr\u00e2ce \u00e0 vous, \u00e0 votre confiance et \u00e0 vos dons que nous pourrons mener \u00e0 bien nos actions pour qu&rsquo;aujourd\u2019hui les enfants et adultes concern\u00e9s par la modification g\u00e9n\u00e9tique CHAMP1 en&hellip; Continue reading &ldquo;Adh\u00e9sion&rdquo;&hellip;","og_url":"https:\/\/www.champ1.fr\/index.php\/adhesion-2\/","article_publisher":"https:\/\/www.facebook.com\/profile.php?id=100071183214530","article_modified_time":"2026-03-09T21:21:31+00:00","twitter_card":"summary_large_image","twitter_misc":{"Dur\u00e9e de lecture estim\u00e9e":"1 minute"},"schema":{"@context":"https:\/\/schema.org","@graph":[{"@type":"WebPage","@id":"https:\/\/www.champ1.fr\/index.php\/adhesion-2\/","url":"https:\/\/www.champ1.fr\/index.php\/adhesion-2\/","name":"Adh\u00e9sion &#183;","isPartOf":{"@id":"https:\/\/www.champ1.fr\/#website"},"datePublished":"2019-03-18T22:37:58+00:00","dateModified":"2026-03-09T21:21:31+00:00","breadcrumb":{"@id":"https:\/\/www.champ1.fr\/index.php\/adhesion-2\/#breadcrumb"},"inLanguage":"fr-FR","potentialAction":[{"@type":"ReadAction","target":["https:\/\/www.champ1.fr\/index.php\/adhesion-2\/"]}]},{"@type":"BreadcrumbList","@id":"https:\/\/www.champ1.fr\/index.php\/adhesion-2\/#breadcrumb","itemListElement":[{"@type":"ListItem","position":1,"name":"Accueil","item":"https:\/\/www.champ1.fr\/"},{"@type":"ListItem","position":2,"name":"Adh\u00e9sion"}]},{"@type":"WebSite","@id":"https:\/\/www.champ1.fr\/#website","url":"https:\/\/www.champ1.fr\/","name":"CHAMP1 FRANCE","description":"","publisher":{"@id":"https:\/\/www.champ1.fr\/#organization"},"potentialAction":[{"@type":"SearchAction","target":{"@type":"EntryPoint","urlTemplate":"https:\/\/www.champ1.fr\/?s={search_term_string}"},"query-input":{"@type":"PropertyValueSpecification","valueRequired":true,"valueName":"search_term_string"}}],"inLanguage":"fr-FR"},{"@type":"Organization","@id":"https:\/\/www.champ1.fr\/#organization","name":"CHAMP1 FRANCE","url":"https:\/\/www.champ1.fr\/","logo":{"@type":"ImageObject","inLanguage":"fr-FR","@id":"https:\/\/www.champ1.fr\/#\/schema\/logo\/image\/","url":"http:\/\/www.champ1.fr\/wp-content\/uploads\/2019\/06\/thumbnail_champ1_logo-1.jpg","contentUrl":"http:\/\/www.champ1.fr\/wp-content\/uploads\/2019\/06\/thumbnail_champ1_logo-1.jpg","width":1684,"height":1191,"caption":"CHAMP1 FRANCE"},"image":{"@id":"https:\/\/www.champ1.fr\/#\/schema\/logo\/image\/"},"sameAs":["https:\/\/www.facebook.com\/profile.php?id=100071183214530","https:\/\/www.linkedin.com\/company\/champ1-france\/"]}]}},"_links":{"self":[{"href":"https:\/\/www.champ1.fr\/index.php\/wp-json\/wp\/v2\/pages\/194","targetHints":{"allow":["GET"]}}],"collection":[{"href":"https:\/\/www.champ1.fr\/index.php\/wp-json\/wp\/v2\/pages"}],"about":[{"href":"https:\/\/www.champ1.fr\/index.php\/wp-json\/wp\/v2\/types\/page"}],"author":[{"embeddable":true,"href":"https:\/\/www.champ1.fr\/index.php\/wp-json\/wp\/v2\/users\/1"}],"replies":[{"embeddable":true,"href":"https:\/\/www.champ1.fr\/index.php\/wp-json\/wp\/v2\/comments?post=194"}],"version-history":[{"count":36,"href":"https:\/\/www.champ1.fr\/index.php\/wp-json\/wp\/v2\/pages\/194\/revisions"}],"predecessor-version":[{"id":731,"href":"https:\/\/www.champ1.fr\/index.php\/wp-json\/wp\/v2\/pages\/194\/revisions\/731"}],"wp:attachment":[{"href":"https:\/\/www.champ1.fr\/index.php\/wp-json\/wp\/v2\/media?parent=194"}],"curies":[{"name":"wp","href":"https:\/\/api.w.org\/{rel}","templated":true}]}}